{"id":7348,"date":"2022-09-01T17:51:06","date_gmt":"2022-09-01T15:51:06","guid":{"rendered":"https:\/\/oazure-events.com\/?page_id=7348"},"modified":"2022-12-30T08:23:39","modified_gmt":"2022-12-30T07:23:39","slug":"agbs","status":"publish","type":"page","link":"https:\/\/oazure-events.com\/de\/agbs\/","title":{"rendered":"AGB&#8217;s"},"content":{"rendered":"[vc_row type=&#8220;full_width_content&#8220; full_screen_row_position=&#8220;middle&#8220; column_margin=&#8220;default&#8220; column_direction=&#8220;default&#8220; column_direction_tablet=&#8220;default&#8220; column_direction_phone=&#8220;default&#8220; scene_position=&#8220;center&#8220; top_padding=&#8220;8%&#8220; bottom_padding=&#8220;0&#8243; left_padding_desktop=&#8220;7%&#8220; constrain_group_2=&#8220;yes&#8220; right_padding_desktop=&#8220;7%&#8220; text_color=&#8220;dark&#8220; text_align=&#8220;left&#8220; row_border_radius=&#8220;none&#8220; row_border_radius_applies=&#8220;bg&#8220; overflow=&#8220;visible&#8220; advanced_gradient_angle=&#8220;0&#8243; overlay_strength=&#8220;0.3&#8243; gradient_direction=&#8220;left_to_right&#8220; shape_divider_position=&#8220;bottom&#8220; bg_image_animation=&#8220;none&#8220; gradient_type=&#8220;default&#8220; shape_type=&#8220;&#8220;][vc_column column_padding=&#8220;no-extra-padding&#8220; column_padding_tablet=&#8220;inherit&#8220; column_padding_phone=&#8220;inherit&#8220; column_padding_position=&#8220;all&#8220; column_element_direction_desktop=&#8220;default&#8220; column_element_spacing=&#8220;default&#8220; desktop_text_alignment=&#8220;default&#8220; tablet_text_alignment=&#8220;default&#8220; phone_text_alignment=&#8220;default&#8220; background_color_opacity=&#8220;1&#8243; background_hover_color_opacity=&#8220;1&#8243; column_backdrop_filter=&#8220;none&#8220; column_shadow=&#8220;none&#8220; column_border_radius=&#8220;none&#8220; column_link_target=&#8220;_self&#8220; column_position=&#8220;default&#8220; advanced_gradient_angle=&#8220;0&#8243; gradient_direction=&#8220;left_to_right&#8220; overlay_strength=&#8220;0.3&#8243; width=&#8220;1\/1&#8243; tablet_width_inherit=&#8220;default&#8220; animation_type=&#8220;default&#8220; bg_image_animation=&#8220;none&#8220; border_type=&#8220;simple&#8220; column_border_width=&#8220;none&#8220; column_border_style=&#8220;solid&#8220; padding_type=&#8220;default&#8220; gradient_type=&#8220;default&#8220;][vc_row_inner column_margin=&#8220;default&#8220; column_direction=&#8220;default&#8220; column_direction_tablet=&#8220;default&#8220; column_direction_phone=&#8220;default&#8220; bottom_padding=&#8220;3%&#8220; left_padding_desktop=&#8220;24%&#8220; constrain_group_2=&#8220;yes&#8220; right_padding_desktop=&#8220;24%&#8220; left_padding_phone=&#8220;5%&#8220; constrain_group_6=&#8220;yes&#8220; right_padding_phone=&#8220;5%&#8220; text_align=&#8220;left&#8220; row_position=&#8220;default&#8220; row_position_tablet=&#8220;inherit&#8220; row_position_phone=&#8220;inherit&#8220; overflow=&#8220;visible&#8220; pointer_events=&#8220;all&#8220;][vc_column_inner column_padding=&#8220;no-extra-padding&#8220; column_padding_tablet=&#8220;inherit&#8220; column_padding_phone=&#8220;inherit&#8220; column_padding_position=&#8220;all&#8220; column_element_direction_desktop=&#8220;default&#8220; column_element_spacing=&#8220;default&#8220; centered_text=&#8220;true&#8220; desktop_text_alignment=&#8220;default&#8220; tablet_text_alignment=&#8220;default&#8220; phone_text_alignment=&#8220;default&#8220; background_color_opacity=&#8220;1&#8243; background_hover_color_opacity=&#8220;1&#8243; column_backdrop_filter=&#8220;none&#8220; column_shadow=&#8220;none&#8220; column_border_radius=&#8220;none&#8220; column_link_target=&#8220;_self&#8220; overflow=&#8220;visible&#8220; advanced_gradient_angle=&#8220;0&#8243; gradient_direction=&#8220;left_to_right&#8220; overlay_strength=&#8220;0.3&#8243; width=&#8220;1\/1&#8243; tablet_width_inherit=&#8220;default&#8220; animation_type=&#8220;default&#8220; bg_image_animation=&#8220;none&#8220; border_type=&#8220;simple&#8220; column_border_width=&#8220;none&#8220; column_border_style=&#8220;solid&#8220; gradient_type=&#8220;default&#8220; column_padding_type=&#8220;default&#8220;][nectar_highlighted_text scribble_color=&#8220;#ffce59&#8243; style=&#8220;scribble&#8220; scribble_shape=&#8220;basic-underline&#8220; scribble_thickness=&#8220;thick&#8220; scribble_speed=&#8220;1.8s&#8220; scribble_easing=&#8220;ease_in_out&#8220; custom_font_size=&#8220;4vw&#8220;]\n<h1>ALLGEMEINE GESCH\u00c4FTSBEDINGUNGEN<\/h1>\n[\/nectar_highlighted_text][\/vc_column_inner][\/vc_row_inner][\/vc_column][\/vc_row][vc_row type=&#8220;in_container&#8220; full_screen_row_position=&#8220;middle&#8220; column_margin=&#8220;default&#8220; column_direction=&#8220;default&#8220; column_direction_tablet=&#8220;default&#8220; column_direction_phone=&#8220;default&#8220; scene_position=&#8220;center&#8220; text_color=&#8220;dark&#8220; text_align=&#8220;left&#8220; row_border_radius=&#8220;none&#8220; row_border_radius_applies=&#8220;bg&#8220; overflow=&#8220;visible&#8220; overlay_strength=&#8220;0.3&#8243; gradient_direction=&#8220;left_to_right&#8220; shape_divider_position=&#8220;bottom&#8220; bg_image_animation=&#8220;none&#8220;][vc_column column_padding=&#8220;no-extra-padding&#8220; column_padding_tablet=&#8220;inherit&#8220; column_padding_phone=&#8220;inherit&#8220; column_padding_position=&#8220;all&#8220; column_element_direction_desktop=&#8220;default&#8220; column_element_spacing=&#8220;default&#8220; desktop_text_alignment=&#8220;default&#8220; tablet_text_alignment=&#8220;default&#8220; phone_text_alignment=&#8220;default&#8220; background_color_opacity=&#8220;1&#8243; background_hover_color_opacity=&#8220;1&#8243; column_backdrop_filter=&#8220;none&#8220; column_shadow=&#8220;none&#8220; column_border_radius=&#8220;none&#8220; column_link_target=&#8220;_self&#8220; column_position=&#8220;default&#8220; gradient_direction=&#8220;left_to_right&#8220; overlay_strength=&#8220;0.3&#8243; width=&#8220;1\/1&#8243; tablet_width_inherit=&#8220;default&#8220; animation_type=&#8220;default&#8220; bg_image_animation=&#8220;none&#8220; border_type=&#8220;simple&#8220; column_border_width=&#8220;none&#8220; column_border_style=&#8220;solid&#8220;][vc_column_text]\n<p class=\"p4\">Die Reservierung einer der von O-AZURE, Royal Road, Roches Noires, MAURITIUS, angebotenen Aufenthalte beinhaltet automatisch die Annahme dieser Allgemeinen Gesch\u00e4ftsbedingungen durch den Kunden.<\/p>\n<p>A) PREIS\u00c4NDERUNGSKLAUSEL<\/p>\n<p>Die angegebenen Preise wurden gem\u00e4\u00df dem am Tag der Erstellung der Proforma-Rechnung geltenden \u20ac \/ Rs-Wechselkurs ermittelt, d. h. 1 \u20ac = 46 Rs<\/p>\n<p>Der Preis wird sich wahrscheinlich von 45 Rs pro 1 \u20ac nach oben und von 47 Rs pro 1 \u20ac nach unten bewegen.<\/p>\n<p>Mit anderen Worten, wir \u00fcbernehmen die Wechselkursdifferenz f\u00fcr einen Wechselkurs zwischen 45 und 47 Rs pro 1 \u20ac. Dar\u00fcber hinaus wird der Preis entsprechend der Entwicklung nach oben oder unten korrigiert, und es wird eine zus\u00e4tzliche Summe berechnet oder bei der Zahlung des Restbetrags abgezogen.<\/p>\n<p>Eine \u00c4nderung der im Vertrag vorgesehenen Teilnehmerzahl bedarf der vorherigen schriftlichen Vereinbarung. F\u00fcr den Fall, dass die durch die Namensliste best\u00e4tigte Teilnehmerzahl geringer ist als die im Gruppenvertrag vorgesehene Mindestzahl, beh\u00e4lt sich der Veranstalter vor: entweder den Preis durch zus\u00e4tzliche Rechnungsstellung nach oben zu korrigieren oder die Reise zu stornieren, sollten dieser Reise bei Vertragsabschluss eine Mindestteilnehmerzahl zugrunde liegen. In diesem Fall gelten die unten aufgef\u00fchrten Stornogeb\u00fchren.<\/p>\n<p>B) RESERVIERUNG &#8211; ANZAHLUNG &#8211; RESTZAHLUNG<\/p>\n<p>Alle Reservierungen m\u00fcssen schriftlich erfolgen (Fax, Post usw.) und f\u00fchren zur Erstellung eines detaillierten Kostenvoranschlags, der einem Vertrag gleichkommt. Dieser Vertrag mu\u00df ordnungsgem\u00e4\u00df unterzeichnet und innerhalb von acht Tagen nach dem Versanddatum an uns zur\u00fcckgesandt werden, um rechtsg\u00fcltig zu sein. Zus\u00e4tzlich zum unterzeichneten Vertrag mu\u00df die Zahlung der Raten, deren Betr\u00e4ge im Kostenvoranschlag und in der Rechnung angegeben sind, erfolgen:<\/p>\n<p>&#8211; Die Anzahlung von 50 % muss bezahlt werden, um die Bestellung f\u00fcr die Veranstaltung zu best\u00e4tigen<\/p>\n<p>&#8211; Der Restbetrag von 100 % muss mindestens 30 Tage vor dem Veranstaltungstag bezahlt werden. F\u00fcr jeden Vertrag, der diese Regel nicht einh\u00e4lt, beh\u00e4lt sich der Veranstalter das Recht vor, die Reservierungen zu stornieren und die entsprechenden Stornierungskosten in Rechnung zu stellen.<\/p>\n<p>C) VERS\u00c4UMNIS DES CHECK-INS AM FLUGHAFEN<\/p>\n<p>Der Veranstalter kann nicht f\u00fcr einen nicht erfolgten Check-in von Teilnehmern am Abflugort der Flugreise verantwortlich gemacht werden, der durch eine nicht von ihm organisierte Verz\u00f6gerung der Vorabreise per Flugzeug, Bahn oder Land verursacht wird, wenn diese Verz\u00f6gerung auf einen Fall h\u00f6herer Gewalt, ein zuf\u00e4lliges Ereignis oder die Handlung eines Dritten zur\u00fcckzuf\u00fchren ist. Der Veranstalter haftet nicht f\u00fcr den vers\u00e4umten Check-In:<\/p>\n<p>&#8211; wenn der Teilnehmer veraltete Ausweis- und\/oder Gesundheitsdokumente (Personalausweis, Reisepass, Impfpass) vorlegt. Wenn das Boarding trotz des Fehlens der erforderlichen Dokumente am Abflugort zugelassen wird, die Einreise des Teilnehmers jedoch bei der Ankunft von den Beh\u00f6rden des Zielorts zur\u00fcckgewiesen wird, gehen die R\u00fcckreisekosten ohne Regre\u00dfanspr\u00fcche zu Lasten des Teilnehmers.<\/p>\n<p>&#8211; Falls der Check-In eines Teilnehmers am Abflugort der Flugreise nicht erfolgt, wird der volle Betrag der Reise einbehalten.<\/p>\n<p>D) VERANTWORTUNG DES REISEVERANSTALTERS F\u00dcR \u00c4NDERUNGEN DER ZEITVORGABEN F\u00dcR LUFTTRANSPORTE<\/p>\n<p>Die besonderen Beschr\u00e4nkungen des Luftverkehrs im Zusammenhang mit der \u00dcberlastung des Luftraums, Flugnavigationsregeln und der Abfertigungszeit f\u00fcr Flugzeuge an Flugh\u00e4fen, die der Sicherheit der bef\u00f6rderten Passagiere untergeordnet sind, k\u00f6nnen zu \u00c4nderungen der vorl\u00e4ufigen Flugpl\u00e4ne sowohl in Bezug auf regul\u00e4re Fl\u00fcge als auch bei Sonderfl\u00fcgen (Charter) f\u00fchren. Die Durchf\u00fchrung der Fl\u00fcge gem\u00e4\u00df den Bestimmungen des ICAO (Internationale Zivilluftfahrt-Organisation) sowie durch die Bestimmungen \u00fcber den Verkehr und die Kontrolle der Flugsicherung zwischen den betreffenden Nationen wird sich der Veranstalter der Reise bem\u00fchen, Verkehrsunregelm\u00e4\u00dfigkeiten so weit wie m\u00f6glich entgegenzuwirken. Eine diesbez\u00fcgliche Haftung, die die des Flugunternehmens\/Carriers \u00fcbersteigt, kann jedoch nicht \u00fcbernommen werden.<\/p>\n<p>E) H\u00d6HERE GEWALT<\/p>\n<p>Der Veranstalter wird von den Verpflichtungen, die er aus diesem Vertrag \u00fcbernommen hat, unwiderruflich befreit, wenn er aufgrund h\u00f6herer Gewalt, Wetterbedingungen, Streiks, erkl\u00e4rter oder nicht erkl\u00e4rter Kriege oder Naturkatastrophen an der Organisation der Veranstaltung und der in diesem Vertrag vorgesehenen Reise gehindert wurde, oder wenn diese Reise unterbrochen oder verk\u00fcrzt werden musste. Oazure Ltd empfiehlt seinen Kunden den Abschluss einer optionalen Reiser\u00fccktrittsversicherung, um bestimmte F\u00e4lle h\u00f6herer Gewalt abzudecken.<\/p>\n<p>F) FORMALIT\u00c4TEN<\/p>\n<p>Der Veranstalter informiert den Kunden vor Vertragsschluss schriftlich \u00fcber die verschiedenen f\u00fcr die Durchf\u00fchrung der Reise erforderlichen beh\u00f6rdlichen und\/oder gesundheitspolizeilichen Formalit\u00e4ten (Personalausweis, Reisepass, Visum, Impfungen etc.).<\/p>\n<p>Wenn sich zwischen Vertragsunterzeichnung und Reisedatum die Formalit\u00e4ten \u00e4ndern sollten, wird der Veranstalter den Kunden entsprechend informieren, der dann diese neuen administrativen oder gesundheitlichen Anforderungen erf\u00fcllen muss.<\/p>\n<p>&nbsp;[\/vc_column_text][\/vc_column][\/vc_row]\n","protected":false},"excerpt":{"rendered":"<p>[vc_row type=&#8220;full_width_content&#8220; full_screen_row_position=&#8220;middle&#8220; column_margin=&#8220;default&#8220; column_direction=&#8220;default&#8220; column_direction_tablet=&#8220;default&#8220; column_direction_phone=&#8220;default&#8220; scene_position=&#8220;center&#8220; top_padding=&#8220;8%&#8220; bottom_padding=&#8220;0&#8243; left_padding_desktop=&#8220;7%&#8220; constrain_group_2=&#8220;yes&#8220; right_padding_desktop=&#8220;7%&#8220; text_color=&#8220;dark&#8220; text_align=&#8220;left&#8220; row_border_radius=&#8220;none&#8220; row_border_radius_applies=&#8220;bg&#8220; overflow=&#8220;visible&#8220; advanced_gradient_angle=&#8220;0&#8243; overlay_strength=&#8220;0.3&#8243; gradient_direction=&#8220;left_to_right&#8220; shape_divider_position=&#8220;bottom&#8220; bg_image_animation=&#8220;none&#8220; gradient_type=&#8220;default&#8220; shape_type=&#8220;&#8220;][vc_column column_padding=&#8220;no-extra-padding&#8220; column_padding_tablet=&#8220;inherit&#8220; column_padding_phone=&#8220;inherit&#8220; column_padding_position=&#8220;all&#8220; column_element_direction_desktop=&#8220;default&#8220;&#8230;<\/p>\n","protected":false},"author":122415176,"featured_media":0,"parent":0,"menu_order":0,"comment_status":"closed","ping_status":"closed","template":"","meta":{"_crdt_document":"","footnotes":""},"class_list":["post-7348","page","type-page","status-publish"],"yoast_head":"<!-- This site is optimized with the Yoast SEO plugin v27.5 - https:\/\/yoast.com\/product\/yoast-seo-wordpress\/ -->\n<title>AGB&#039;s - Oazure Events<\/title>\n<meta name=\"description\" content=\"Oazure Events organise pour vous votre s\u00e9minaire d\u2019entreprise sur mesure \u00e0 l\u2019\u00eele Maurice, pour les petits, moyens et tr\u00e8s grands groupes !\" \/>\n<meta name=\"robots\" content=\"index, follow, max-snippet:-1, max-image-preview:large, max-video-preview:-1\" \/>\n<link rel=\"canonical\" href=\"https:\/\/oazure-events.com\/de\/agbs\/\" \/>\n<meta property=\"og:locale\" content=\"de_DE\" \/>\n<meta property=\"og:type\" content=\"article\" \/>\n<meta property=\"og:title\" content=\"AGB&#039;s - Oazure Events\" \/>\n<meta property=\"og:description\" content=\"Oazure Events organise pour vous votre s\u00e9minaire d\u2019entreprise sur mesure \u00e0 l\u2019\u00eele Maurice, pour les petits, moyens et tr\u00e8s grands groupes !\" \/>\n<meta property=\"og:url\" content=\"https:\/\/oazure-events.com\/de\/agbs\/\" \/>\n<meta property=\"og:site_name\" content=\"Oazure Events\" \/>\n<meta property=\"article:modified_time\" content=\"2022-12-30T07:23:39+00:00\" \/>\n<meta name=\"twitter:card\" content=\"summary_large_image\" \/>\n<meta name=\"twitter:label1\" content=\"Gesch\u00e4tzte Lesezeit\" \/>\n\t<meta name=\"twitter:data1\" content=\"5\u00a0Minuten\" \/>\n<script type=\"application\/ld+json\" class=\"yoast-schema-graph\">{\"@context\":\"https:\\\/\\\/schema.org\",\"@graph\":[{\"@type\":\"WebPage\",\"@id\":\"https:\\\/\\\/oazure-events.com\\\/de\\\/agbs\\\/\",\"url\":\"https:\\\/\\\/oazure-events.com\\\/de\\\/agbs\\\/\",\"name\":\"AGB's - Oazure Events\",\"isPartOf\":{\"@id\":\"https:\\\/\\\/oazure-events.com\\\/de\\\/#website\"},\"datePublished\":\"2022-09-01T15:51:06+00:00\",\"dateModified\":\"2022-12-30T07:23:39+00:00\",\"description\":\"Oazure Events organise pour vous votre s\u00e9minaire d\u2019entreprise sur mesure \u00e0 l\u2019\u00eele Maurice, pour les petits, moyens et tr\u00e8s grands groupes !\",\"breadcrumb\":{\"@id\":\"https:\\\/\\\/oazure-events.com\\\/de\\\/agbs\\\/#breadcrumb\"},\"inLanguage\":\"de\",\"potentialAction\":[{\"@type\":\"ReadAction\",\"target\":[\"https:\\\/\\\/oazure-events.com\\\/de\\\/agbs\\\/\"]}]},{\"@type\":\"BreadcrumbList\",\"@id\":\"https:\\\/\\\/oazure-events.com\\\/de\\\/agbs\\\/#breadcrumb\",\"itemListElement\":[{\"@type\":\"ListItem\",\"position\":1,\"name\":\"Accueil\",\"item\":\"https:\\\/\\\/oazure-events.com\\\/de\\\/\"},{\"@type\":\"ListItem\",\"position\":2,\"name\":\"AGB&rsquo;s\"}]},{\"@type\":\"WebSite\",\"@id\":\"https:\\\/\\\/oazure-events.com\\\/de\\\/#website\",\"url\":\"https:\\\/\\\/oazure-events.com\\\/de\\\/\",\"name\":\"Oazure Events\",\"description\":\"\",\"publisher\":{\"@id\":\"https:\\\/\\\/oazure-events.com\\\/de\\\/#organization\"},\"potentialAction\":[{\"@type\":\"SearchAction\",\"target\":{\"@type\":\"EntryPoint\",\"urlTemplate\":\"https:\\\/\\\/oazure-events.com\\\/de\\\/?s={search_term_string}\"},\"query-input\":{\"@type\":\"PropertyValueSpecification\",\"valueRequired\":true,\"valueName\":\"search_term_string\"}}],\"inLanguage\":\"de\"},{\"@type\":\"Organization\",\"@id\":\"https:\\\/\\\/oazure-events.com\\\/de\\\/#organization\",\"name\":\"Oazure Events\",\"url\":\"https:\\\/\\\/oazure-events.com\\\/de\\\/\",\"logo\":{\"@type\":\"ImageObject\",\"inLanguage\":\"de\",\"@id\":\"https:\\\/\\\/oazure-events.com\\\/de\\\/#\\\/schema\\\/logo\\\/image\\\/\",\"url\":\"https:\\\/\\\/i0.wp.com\\\/oazure-events.com\\\/wp-content\\\/uploads\\\/2022\\\/08\\\/oazure_events_logo_gris-1.png?fit=1542%2C348&ssl=1\",\"contentUrl\":\"https:\\\/\\\/i0.wp.com\\\/oazure-events.com\\\/wp-content\\\/uploads\\\/2022\\\/08\\\/oazure_events_logo_gris-1.png?fit=1542%2C348&ssl=1\",\"width\":1542,\"height\":348,\"caption\":\"Oazure Events\"},\"image\":{\"@id\":\"https:\\\/\\\/oazure-events.com\\\/de\\\/#\\\/schema\\\/logo\\\/image\\\/\"}}]}<\/script>\n<!-- \/ Yoast SEO plugin. -->","yoast_head_json":{"title":"AGB's - Oazure Events","description":"Oazure Events organise pour vous votre s\u00e9minaire d\u2019entreprise sur mesure \u00e0 l\u2019\u00eele Maurice, pour les petits, moyens et tr\u00e8s grands groupes !","robots":{"index":"index","follow":"follow","max-snippet":"max-snippet:-1","max-image-preview":"max-image-preview:large","max-video-preview":"max-video-preview:-1"},"canonical":"https:\/\/oazure-events.com\/de\/agbs\/","og_locale":"de_DE","og_type":"article","og_title":"AGB's - Oazure Events","og_description":"Oazure Events organise pour vous votre s\u00e9minaire d\u2019entreprise sur mesure \u00e0 l\u2019\u00eele Maurice, pour les petits, moyens et tr\u00e8s grands groupes !","og_url":"https:\/\/oazure-events.com\/de\/agbs\/","og_site_name":"Oazure Events","article_modified_time":"2022-12-30T07:23:39+00:00","twitter_card":"summary_large_image","twitter_misc":{"Gesch\u00e4tzte Lesezeit":"5\u00a0Minuten"},"schema":{"@context":"https:\/\/schema.org","@graph":[{"@type":"WebPage","@id":"https:\/\/oazure-events.com\/de\/agbs\/","url":"https:\/\/oazure-events.com\/de\/agbs\/","name":"AGB's - Oazure Events","isPartOf":{"@id":"https:\/\/oazure-events.com\/de\/#website"},"datePublished":"2022-09-01T15:51:06+00:00","dateModified":"2022-12-30T07:23:39+00:00","description":"Oazure Events organise pour vous votre s\u00e9minaire d\u2019entreprise sur mesure \u00e0 l\u2019\u00eele Maurice, pour les petits, moyens et tr\u00e8s grands groupes !","breadcrumb":{"@id":"https:\/\/oazure-events.com\/de\/agbs\/#breadcrumb"},"inLanguage":"de","potentialAction":[{"@type":"ReadAction","target":["https:\/\/oazure-events.com\/de\/agbs\/"]}]},{"@type":"BreadcrumbList","@id":"https:\/\/oazure-events.com\/de\/agbs\/#breadcrumb","itemListElement":[{"@type":"ListItem","position":1,"name":"Accueil","item":"https:\/\/oazure-events.com\/de\/"},{"@type":"ListItem","position":2,"name":"AGB&rsquo;s"}]},{"@type":"WebSite","@id":"https:\/\/oazure-events.com\/de\/#website","url":"https:\/\/oazure-events.com\/de\/","name":"Oazure Events","description":"","publisher":{"@id":"https:\/\/oazure-events.com\/de\/#organization"},"potentialAction":[{"@type":"SearchAction","target":{"@type":"EntryPoint","urlTemplate":"https:\/\/oazure-events.com\/de\/?s={search_term_string}"},"query-input":{"@type":"PropertyValueSpecification","valueRequired":true,"valueName":"search_term_string"}}],"inLanguage":"de"},{"@type":"Organization","@id":"https:\/\/oazure-events.com\/de\/#organization","name":"Oazure Events","url":"https:\/\/oazure-events.com\/de\/","logo":{"@type":"ImageObject","inLanguage":"de","@id":"https:\/\/oazure-events.com\/de\/#\/schema\/logo\/image\/","url":"https:\/\/i0.wp.com\/oazure-events.com\/wp-content\/uploads\/2022\/08\/oazure_events_logo_gris-1.png?fit=1542%2C348&ssl=1","contentUrl":"https:\/\/i0.wp.com\/oazure-events.com\/wp-content\/uploads\/2022\/08\/oazure_events_logo_gris-1.png?fit=1542%2C348&ssl=1","width":1542,"height":348,"caption":"Oazure Events"},"image":{"@id":"https:\/\/oazure-events.com\/de\/#\/schema\/logo\/image\/"}}]}},"jetpack_likes_enabled":true,"jetpack_sharing_enabled":true,"jetpack_shortlink":"https:\/\/wp.me\/PeaFPx-1Uw","jetpack-related-posts":[],"_links":{"self":[{"href":"https:\/\/oazure-events.com\/de\/wp-json\/wp\/v2\/pages\/7348","targetHints":{"allow":["GET"]}}],"collection":[{"href":"https:\/\/oazure-events.com\/de\/wp-json\/wp\/v2\/pages"}],"about":[{"href":"https:\/\/oazure-events.com\/de\/wp-json\/wp\/v2\/types\/page"}],"author":[{"embeddable":true,"href":"https:\/\/oazure-events.com\/de\/wp-json\/wp\/v2\/users\/122415176"}],"replies":[{"embeddable":true,"href":"https:\/\/oazure-events.com\/de\/wp-json\/wp\/v2\/comments?post=7348"}],"version-history":[{"count":8,"href":"https:\/\/oazure-events.com\/de\/wp-json\/wp\/v2\/pages\/7348\/revisions"}],"predecessor-version":[{"id":8033,"href":"https:\/\/oazure-events.com\/de\/wp-json\/wp\/v2\/pages\/7348\/revisions\/8033"}],"wp:attachment":[{"href":"https:\/\/oazure-events.com\/de\/wp-json\/wp\/v2\/media?parent=7348"}],"curies":[{"name":"wp","href":"https:\/\/api.w.org\/{rel}","templated":true}]}}